{"id":20519,"date":"2026-01-15T12:38:42","date_gmt":"2026-01-15T12:38:42","guid":{"rendered":"https:\/\/qulto.eu\/?page_id=20519"},"modified":"2026-01-20T07:25:58","modified_gmt":"2026-01-20T07:25:58","slug":"os-software-support-services","status":"publish","type":"page","link":"https:\/\/qulto.eu\/en\/os-software-support-services\/","title":{"rendered":"Ny\u00edlt forr\u00e1sk\u00f3d\u00fa szoftverek t\u00e1mogat\u00e1sa (EN)"},"content":{"rendered":"<h1>OS Software Support Services<\/h1>\n","protected":false},"excerpt":{"rendered":"<p>OS Software Support Services<\/p>\n","protected":false},"author":15,"featured_media":0,"parent":0,"menu_order":0,"comment_status":"closed","ping_status":"closed","template":"","meta":[],"acf":[],"_links":{"self":[{"href":"https:\/\/qulto.eu\/en\/wp-json\/wp\/v2\/pages\/20519"}],"collection":[{"href":"https:\/\/qulto.eu\/en\/wp-json\/wp\/v2\/pages"}],"about":[{"href":"https:\/\/qulto.eu\/en\/wp-json\/wp\/v2\/types\/page"}],"author":[{"embeddable":true,"href":"https:\/\/qulto.eu\/en\/wp-json\/wp\/v2\/users\/15"}],"replies":[{"embeddable":true,"href":"https:\/\/qulto.eu\/en\/wp-json\/wp\/v2\/comments?post=20519"}],"version-history":[{"count":21,"href":"https:\/\/qulto.eu\/en\/wp-json\/wp\/v2\/pages\/20519\/revisions"}],"predecessor-version":[{"id":20545,"href":"https:\/\/qulto.eu\/en\/wp-json\/wp\/v2\/pages\/20519\/revisions\/20545"}],"wp:attachment":[{"href":"https:\/\/qulto.eu\/en\/wp-json\/wp\/v2\/media?parent=20519"}],"curies":[{"name":"wp","href":"https:\/\/api.w.org\/{rel}","templated":true}]}}