{"id":2067,"date":"2020-02-11T08:42:02","date_gmt":"2020-02-11T08:42:02","guid":{"rendered":"https:\/\/qulto.eu\/competition-news\/"},"modified":"2021-07-06T07:02:39","modified_gmt":"2021-07-06T07:02:39","slug":"competition-news","status":"publish","type":"page","link":"https:\/\/qulto.eu\/en\/competition-news\/","title":{"rendered":"P\u00e1ly\u00e1zati h\u00edrek"},"content":{"rendered":"","protected":false},"excerpt":{"rendered":"","protected":false},"author":1,"featured_media":0,"parent":0,"menu_order":0,"comment_status":"closed","ping_status":"closed","template":"","meta":[],"acf":[],"_links":{"self":[{"href":"https:\/\/qulto.eu\/en\/wp-json\/wp\/v2\/pages\/2067"}],"collection":[{"href":"https:\/\/qulto.eu\/en\/wp-json\/wp\/v2\/pages"}],"about":[{"href":"https:\/\/qulto.eu\/en\/wp-json\/wp\/v2\/types\/page"}],"author":[{"embeddable":true,"href":"https:\/\/qulto.eu\/en\/wp-json\/wp\/v2\/users\/1"}],"replies":[{"embeddable":true,"href":"https:\/\/qulto.eu\/en\/wp-json\/wp\/v2\/comments?post=2067"}],"version-history":[{"count":1,"href":"https:\/\/qulto.eu\/en\/wp-json\/wp\/v2\/pages\/2067\/revisions"}],"predecessor-version":[{"id":2068,"href":"https:\/\/qulto.eu\/en\/wp-json\/wp\/v2\/pages\/2067\/revisions\/2068"}],"wp:attachment":[{"href":"https:\/\/qulto.eu\/en\/wp-json\/wp\/v2\/media?parent=2067"}],"curies":[{"name":"wp","href":"https:\/\/api.w.org\/{rel}","templated":true}]}}