{"id":17287,"date":"2024-07-16T08:46:19","date_gmt":"2024-07-16T08:46:19","guid":{"rendered":"https:\/\/qulto.eu\/?page_id=17287"},"modified":"2025-02-21T09:21:09","modified_gmt":"2025-02-21T09:21:09","slug":"vandorgyules","status":"publish","type":"page","link":"https:\/\/qulto.eu\/hu\/vandorgyules\/","title":{"rendered":"v\u00e1ndorgy\u0171l\u00e9s"},"content":{"rendered":"","protected":false},"excerpt":{"rendered":"","protected":false},"author":3,"featured_media":0,"parent":0,"menu_order":0,"comment_status":"closed","ping_status":"closed","template":"","meta":[],"acf":[],"_links":{"self":[{"href":"https:\/\/qulto.eu\/hu\/wp-json\/wp\/v2\/pages\/17287"}],"collection":[{"href":"https:\/\/qulto.eu\/hu\/wp-json\/wp\/v2\/pages"}],"about":[{"href":"https:\/\/qulto.eu\/hu\/wp-json\/wp\/v2\/types\/page"}],"author":[{"embeddable":true,"href":"https:\/\/qulto.eu\/hu\/wp-json\/wp\/v2\/users\/3"}],"replies":[{"embeddable":true,"href":"https:\/\/qulto.eu\/hu\/wp-json\/wp\/v2\/comments?post=17287"}],"version-history":[{"count":17,"href":"https:\/\/qulto.eu\/hu\/wp-json\/wp\/v2\/pages\/17287\/revisions"}],"predecessor-version":[{"id":18931,"href":"https:\/\/qulto.eu\/hu\/wp-json\/wp\/v2\/pages\/17287\/revisions\/18931"}],"wp:attachment":[{"href":"https:\/\/qulto.eu\/hu\/wp-json\/wp\/v2\/media?parent=17287"}],"curies":[{"name":"wp","href":"https:\/\/api.w.org\/{rel}","templated":true}]}}