{"id":1969,"date":"2020-02-11T08:42:02","date_gmt":"2020-02-11T08:42:02","guid":{"rendered":"https:\/\/qulto.eu\/?page_id=1969"},"modified":"2023-08-09T15:38:26","modified_gmt":"2023-08-09T15:38:26","slug":"palyazati-hirek","status":"publish","type":"page","link":"https:\/\/qulto.eu\/hu\/palyazati-hirek\/","title":{"rendered":"P\u00e1ly\u00e1zati h\u00edrek"},"content":{"rendered":"","protected":false},"excerpt":{"rendered":"","protected":false},"author":1,"featured_media":0,"parent":0,"menu_order":0,"comment_status":"closed","ping_status":"closed","template":"","meta":[],"acf":[],"_links":{"self":[{"href":"https:\/\/qulto.eu\/hu\/wp-json\/wp\/v2\/pages\/1969"}],"collection":[{"href":"https:\/\/qulto.eu\/hu\/wp-json\/wp\/v2\/pages"}],"about":[{"href":"https:\/\/qulto.eu\/hu\/wp-json\/wp\/v2\/types\/page"}],"author":[{"embeddable":true,"href":"https:\/\/qulto.eu\/hu\/wp-json\/wp\/v2\/users\/1"}],"replies":[{"embeddable":true,"href":"https:\/\/qulto.eu\/hu\/wp-json\/wp\/v2\/comments?post=1969"}],"version-history":[{"count":5,"href":"https:\/\/qulto.eu\/hu\/wp-json\/wp\/v2\/pages\/1969\/revisions"}],"predecessor-version":[{"id":7980,"href":"https:\/\/qulto.eu\/hu\/wp-json\/wp\/v2\/pages\/1969\/revisions\/7980"}],"wp:attachment":[{"href":"https:\/\/qulto.eu\/hu\/wp-json\/wp\/v2\/media?parent=1969"}],"curies":[{"name":"wp","href":"https:\/\/api.w.org\/{rel}","templated":true}]}}