{"id":19911,"date":"2025-07-29T11:27:38","date_gmt":"2025-07-29T11:27:38","guid":{"rendered":"https:\/\/qulto.eu\/?page_id=19911"},"modified":"2025-07-29T11:33:24","modified_gmt":"2025-07-29T11:33:24","slug":"termek-hunteka-verziok-archiv","status":"publish","type":"page","link":"https:\/\/qulto.eu\/hu\/termek-hunteka-verziok-archiv\/","title":{"rendered":"Qulto k\u00f6nyvt\u00e1ri v\u00e1ltoz\u00e1sjegyz\u00e9kek &#8211; arch\u00edv"},"content":{"rendered":"","protected":false},"excerpt":{"rendered":"","protected":false},"author":15,"featured_media":0,"parent":0,"menu_order":0,"comment_status":"closed","ping_status":"closed","template":"","meta":[],"acf":[],"_links":{"self":[{"href":"https:\/\/qulto.eu\/hu\/wp-json\/wp\/v2\/pages\/19911"}],"collection":[{"href":"https:\/\/qulto.eu\/hu\/wp-json\/wp\/v2\/pages"}],"about":[{"href":"https:\/\/qulto.eu\/hu\/wp-json\/wp\/v2\/types\/page"}],"author":[{"embeddable":true,"href":"https:\/\/qulto.eu\/hu\/wp-json\/wp\/v2\/users\/15"}],"replies":[{"embeddable":true,"href":"https:\/\/qulto.eu\/hu\/wp-json\/wp\/v2\/comments?post=19911"}],"version-history":[{"count":6,"href":"https:\/\/qulto.eu\/hu\/wp-json\/wp\/v2\/pages\/19911\/revisions"}],"predecessor-version":[{"id":19918,"href":"https:\/\/qulto.eu\/hu\/wp-json\/wp\/v2\/pages\/19911\/revisions\/19918"}],"wp:attachment":[{"href":"https:\/\/qulto.eu\/hu\/wp-json\/wp\/v2\/media?parent=19911"}],"curies":[{"name":"wp","href":"https:\/\/api.w.org\/{rel}","templated":true}]}}