{"id":20258,"date":"2025-10-29T12:36:48","date_gmt":"2025-10-29T12:36:48","guid":{"rendered":"https:\/\/qulto.eu\/?page_id=20258"},"modified":"2026-01-19T09:15:15","modified_gmt":"2026-01-19T09:15:15","slug":"opensource-szoftverek","status":"publish","type":"page","link":"https:\/\/qulto.eu\/hu\/opensource-szoftverek\/","title":{"rendered":"Ny\u00edlt forr\u00e1sk\u00f3d\u00fa szoftverek t\u00e1mogat\u00e1sa"},"content":{"rendered":"<h1>OS szoftverek t\u00e1mogat\u00e1sa<\/h1>\n","protected":false},"excerpt":{"rendered":"<p>OS szoftverek t\u00e1mogat\u00e1sa<\/p>\n","protected":false},"author":15,"featured_media":0,"parent":0,"menu_order":0,"comment_status":"closed","ping_status":"closed","template":"","meta":[],"acf":[],"_links":{"self":[{"href":"https:\/\/qulto.eu\/hu\/wp-json\/wp\/v2\/pages\/20258"}],"collection":[{"href":"https:\/\/qulto.eu\/hu\/wp-json\/wp\/v2\/pages"}],"about":[{"href":"https:\/\/qulto.eu\/hu\/wp-json\/wp\/v2\/types\/page"}],"author":[{"embeddable":true,"href":"https:\/\/qulto.eu\/hu\/wp-json\/wp\/v2\/users\/15"}],"replies":[{"embeddable":true,"href":"https:\/\/qulto.eu\/hu\/wp-json\/wp\/v2\/comments?post=20258"}],"version-history":[{"count":85,"href":"https:\/\/qulto.eu\/hu\/wp-json\/wp\/v2\/pages\/20258\/revisions"}],"predecessor-version":[{"id":20533,"href":"https:\/\/qulto.eu\/hu\/wp-json\/wp\/v2\/pages\/20258\/revisions\/20533"}],"wp:attachment":[{"href":"https:\/\/qulto.eu\/hu\/wp-json\/wp\/v2\/media?parent=20258"}],"curies":[{"name":"wp","href":"https:\/\/api.w.org\/{rel}","templated":true}]}}