{"id":508,"date":"2020-01-21T13:03:23","date_gmt":"2020-01-21T13:03:23","guid":{"rendered":"https:\/\/qulto.eu\/?page_id=508"},"modified":"2023-08-09T15:21:54","modified_gmt":"2023-08-09T15:21:54","slug":"cegunkrol","status":"publish","type":"page","link":"https:\/\/qulto.eu\/hu\/cegunkrol\/","title":{"rendered":"C\u00e9g\u00fcnkr\u0151l"},"content":{"rendered":"","protected":false},"excerpt":{"rendered":"","protected":false},"author":1,"featured_media":0,"parent":0,"menu_order":0,"comment_status":"closed","ping_status":"closed","template":"","meta":[],"acf":[],"_links":{"self":[{"href":"https:\/\/qulto.eu\/hu\/wp-json\/wp\/v2\/pages\/508"}],"collection":[{"href":"https:\/\/qulto.eu\/hu\/wp-json\/wp\/v2\/pages"}],"about":[{"href":"https:\/\/qulto.eu\/hu\/wp-json\/wp\/v2\/types\/page"}],"author":[{"embeddable":true,"href":"https:\/\/qulto.eu\/hu\/wp-json\/wp\/v2\/users\/1"}],"replies":[{"embeddable":true,"href":"https:\/\/qulto.eu\/hu\/wp-json\/wp\/v2\/comments?post=508"}],"version-history":[{"count":24,"href":"https:\/\/qulto.eu\/hu\/wp-json\/wp\/v2\/pages\/508\/revisions"}],"predecessor-version":[{"id":13754,"href":"https:\/\/qulto.eu\/hu\/wp-json\/wp\/v2\/pages\/508\/revisions\/13754"}],"wp:attachment":[{"href":"https:\/\/qulto.eu\/hu\/wp-json\/wp\/v2\/media?parent=508"}],"curies":[{"name":"wp","href":"https:\/\/api.w.org\/{rel}","templated":true}]}}