{"id":8361,"date":"2022-01-18T12:46:50","date_gmt":"2022-01-18T12:46:50","guid":{"rendered":"https:\/\/qulto.eu\/?page_id=8361"},"modified":"2023-04-18T12:38:32","modified_gmt":"2023-04-18T12:38:32","slug":"kulturalis-orokseg","status":"publish","type":"page","link":"https:\/\/qulto.eu\/hu\/kulturalis-orokseg\/","title":{"rendered":"Kultur\u00e1lis \u00f6r\u00f6ks\u00e9g"},"content":{"rendered":"","protected":false},"excerpt":{"rendered":"","protected":false},"author":3,"featured_media":0,"parent":0,"menu_order":0,"comment_status":"closed","ping_status":"closed","template":"","meta":[],"acf":[],"_links":{"self":[{"href":"https:\/\/qulto.eu\/hu\/wp-json\/wp\/v2\/pages\/8361"}],"collection":[{"href":"https:\/\/qulto.eu\/hu\/wp-json\/wp\/v2\/pages"}],"about":[{"href":"https:\/\/qulto.eu\/hu\/wp-json\/wp\/v2\/types\/page"}],"author":[{"embeddable":true,"href":"https:\/\/qulto.eu\/hu\/wp-json\/wp\/v2\/users\/3"}],"replies":[{"embeddable":true,"href":"https:\/\/qulto.eu\/hu\/wp-json\/wp\/v2\/comments?post=8361"}],"version-history":[{"count":11,"href":"https:\/\/qulto.eu\/hu\/wp-json\/wp\/v2\/pages\/8361\/revisions"}],"predecessor-version":[{"id":13613,"href":"https:\/\/qulto.eu\/hu\/wp-json\/wp\/v2\/pages\/8361\/revisions\/13613"}],"wp:attachment":[{"href":"https:\/\/qulto.eu\/hu\/wp-json\/wp\/v2\/media?parent=8361"}],"curies":[{"name":"wp","href":"https:\/\/api.w.org\/{rel}","templated":true}]}}