{"id":8535,"date":"2022-01-25T07:54:17","date_gmt":"2022-01-25T07:54:17","guid":{"rendered":"https:\/\/qulto.eu\/?page_id=8535"},"modified":"2022-01-25T07:56:41","modified_gmt":"2022-01-25T07:56:41","slug":"koszonjuk-a-regisztraciot","status":"publish","type":"page","link":"https:\/\/qulto.eu\/hu\/koszonjuk-a-regisztraciot\/","title":{"rendered":"K\u00f6sz\u00f6nj\u00fck a regisztr\u00e1ci\u00f3t!"},"content":{"rendered":"","protected":false},"excerpt":{"rendered":"","protected":false},"author":15,"featured_media":0,"parent":0,"menu_order":0,"comment_status":"closed","ping_status":"closed","template":"","meta":[],"acf":[],"_links":{"self":[{"href":"https:\/\/qulto.eu\/hu\/wp-json\/wp\/v2\/pages\/8535"}],"collection":[{"href":"https:\/\/qulto.eu\/hu\/wp-json\/wp\/v2\/pages"}],"about":[{"href":"https:\/\/qulto.eu\/hu\/wp-json\/wp\/v2\/types\/page"}],"author":[{"embeddable":true,"href":"https:\/\/qulto.eu\/hu\/wp-json\/wp\/v2\/users\/15"}],"replies":[{"embeddable":true,"href":"https:\/\/qulto.eu\/hu\/wp-json\/wp\/v2\/comments?post=8535"}],"version-history":[{"count":6,"href":"https:\/\/qulto.eu\/hu\/wp-json\/wp\/v2\/pages\/8535\/revisions"}],"predecessor-version":[{"id":8541,"href":"https:\/\/qulto.eu\/hu\/wp-json\/wp\/v2\/pages\/8535\/revisions\/8541"}],"wp:attachment":[{"href":"https:\/\/qulto.eu\/hu\/wp-json\/wp\/v2\/media?parent=8535"}],"curies":[{"name":"wp","href":"https:\/\/api.w.org\/{rel}","templated":true}]}}