{"id":9776,"date":"2022-03-23T09:48:08","date_gmt":"2022-03-23T09:48:08","guid":{"rendered":"https:\/\/qulto.eu\/?page_id=9776"},"modified":"2022-09-30T11:56:03","modified_gmt":"2022-09-30T11:56:03","slug":"adatvedelmi-iranyelvek","status":"publish","type":"page","link":"https:\/\/qulto.eu\/hu\/adatvedelmi-iranyelvek\/","title":{"rendered":"Adatv\u00e9delmi ir\u00e1nyelvek"},"content":{"rendered":"<p>Adatv\u00e9delmi nyilatkozat<br \/>\nv1.0<br \/>\n2018. m\u00e1jus 17.<\/p>\n<p>A dokumentum c\u00e9lja<br \/>\nA Monguz Inform\u00e1ci\u00f3technol\u00f3giai Kft. egyedi \u00e9s dobozos szoftverterm\u00e9keket \u00e1ll\u00edt el\u0151 \u00e9s forgalmaz, valamint<br \/>\ninformatikai szolg\u00e1ltat\u00e1sokat biztos\u00edt \u00fcgyfelei r\u00e9sz\u00e9re. Jelen dokumentum \u00f6sszefoglalja<br \/>\nazokat a megold\u00e1sokat, technik\u00e1kat \u00e9s gyakorlatot, amelyek a Qulto term\u00e9kcsal\u00e1d, az<br \/>\negyedi fejleszt\u00e9sek \u00e9s az informatikai szolg\u00e1ltat\u00e1sok eset\u00e9ben biztos\u00edtj\u00e1k az adatv\u00e9delem<br \/>\n\u00e9s adatkezel\u00e9s szab\u00e1lyainak marad\u00e9ktalan betart\u00e1s\u00e1t.<\/p>\n<p>Fogalmak<br \/>\nIKR Integr\u00e1lt K\u00f6zgy\u0171jtem\u00e9nyi Rendszer<br \/>\n\u00dcgyf\u00e9l A Monguz Inform\u00e1ci\u00f3technol\u00f3giai Kft.-vel szerz\u0151d\u00e9ses viszonyban \u00e1ll\u00f3 jogi<br \/>\nszem\u00e9ly, jellemz\u0151en k\u00f6zm\u0171vel\u0151d\u00e9si, k\u00f6zoktat\u00e1si vagy<br \/>\nfels\u0151oktat\u00e1si int\u00e9zm\u00e9ny, amely a munkafolyamatainak,<br \/>\nszolg\u00e1ltat\u00e1sainak t\u00e1mogat\u00e1s\u00e1t valamelyik Qulto<br \/>\nszoftverterm\u00e9kkel vagy egy \u00e1ltalunk egyedileg fejlesztett<br \/>\nszoftverrel val\u00f3s\u00edtja meg.<br \/>\nFelhaszn\u00e1l\u00f3 A szoftvereket haszn\u00e1l\u00f3 term\u00e9szetes szem\u00e9lyek.<br \/>\nInt\u00e9zm\u00e9nyi felhaszn\u00e1l\u00f3 A szoftver olyan felhaszn\u00e1l\u00f3ja, pl. k\u00f6nyvt\u00e1ros, lev\u00e9lt\u00e1ros,<br \/>\nmuzeol\u00f3gus, aki az \u00fcgyf\u00e9l megb\u00edz\u00e1s\u00e1b\u00f3l, \u00e1ltal\u00e1ban<br \/>\nannak alkalmazottjak\u00e9nt, az \u00fcgyf\u00e9l \u00e9rdek\u00e9ben m\u0171k\u00f6dteti<br \/>\na rendszert.<br \/>\nOlvas\u00f3 A szoftver olyan, az \u00fcgyf\u00e9l \u00e1ltal nyilv\u00e1ntartott<br \/>\nfelhaszn\u00e1l\u00f3ja, aki az \u00fcgyf\u00e9l szolg\u00e1ltat\u00e1sait veszi ig\u00e9nybe.<br \/>\n(Egyszer\u0171s\u00edtve olvas\u00f3nak nevezz\u00fck a dokumentumban<br \/>\na k\u00f6nyvt\u00e1rak olvas\u00f3i mellett a k\u00f6zgy\u0171jtem\u00e9nyek<br \/>\nszolg\u00e1ltat\u00e1sait haszn\u00e1l\u00f3 kutat\u00f3kat, hallgat\u00f3kat \u00e9s<br \/>\nszerz\u0151d\u00f6tt \u00e9rdekl\u0151d\u0151ket is.)<br \/>\nInternetes felhaszn\u00e1l\u00f3 A publikus Qulto komponensek, port\u00e1lok felhaszn\u00e1l\u00f3i,<br \/>\nakik nem szerz\u0151d\u00f6tt partnerei az int\u00e9zm\u00e9nyeknek.<br \/>\nLehetnek regisztr\u00e1lt \u00e9s nem regisztr\u00e1lt felhaszn\u00e1l\u00f3k.<br \/>\nPEAS felhaszn\u00e1l\u00f3 A PEAS \u00fcgyviteli rendszerben felvett szem\u00e9lyek: \u00fcgyf\u00e9l<br \/>\nkapcsolattart\u00f3k, \u00fczleti partnerek, munkat\u00e1rsak.<br \/>\nK\u00f6lcs\u00f6nz\u00e9si adatok K\u00f6lcs\u00f6nz\u00e9si tranzakci\u00f3 adatai, ami mindenk\u00e9ppen<br \/>\ntartalmazza az olvas\u00f3 egyedi azonos\u00edt\u00f3j\u00e1t, a k\u00f6lcs\u00f6nz\u00f6tt<br \/>\ndokumentum vagy t\u00e1rgy azonos\u00edt\u00f3j\u00e1t, a k\u00f6lcs\u00f6nz\u00e9s<br \/>\nidej\u00e9t.<br \/>\nOlvas\u00f3jegy Meghat\u00e1rozott id\u0151re sz\u00f3l\u00f3, egy olvas\u00f3hoz tartoz\u00f3 val\u00f3s<br \/>\nvagy virtu\u00e1lis k\u00e1rtya vagy dokumentum, ami a<br \/>\n\u201eszerz\u0151d\u00e9ses\u201d viszony hat\u00e1ly\u00e1t r\u00f6gz\u00edti.<br \/>\nAz adatv\u00e9delem ter\u00fcletei<br \/>\nAz adatv\u00e9delmi szab\u00e1lyoz\u00e1sunk h\u00e1rom f\u0151 ter\u00fcletet \u00e9rint.<br \/>\nF\u0151 tev\u00e9kenys\u00e9g\u00fcnk a szoftverfejleszt\u00e9s, \u00e9s ezen bel\u00fcl a term\u00e9kfejleszt\u00e9s. A Qulto<br \/>\nterm\u00e9kcsal\u00e1d komponenseit jelent\u0151s sz\u00e1m\u00fa k\u00f6zgy\u0171jtem\u00e9nyi (k\u00f6nyvt\u00e1r, m\u00fazeum \u00e9s<br \/>\nlev\u00e9lt\u00e1r), fels\u0151oktat\u00e1si \u00e9s k\u00f6zoktat\u00e1si int\u00e9zm\u00e9ny haszn\u00e1lja bel- \u00e9s k\u00fclf\u00f6ld\u00f6n. Szoftver<br \/>\nterm\u00e9keinkkel eszk\u00f6z\u00f6ket adunk \u00fcgyfeleink kez\u00e9be, amivel a munkafolyamataik r\u00e9szek\u00e9nt<br \/>\nt\u00f6bbek k\u00f6z\u00f6tt adatokat kezelhetnek \u00e9s k\u00fcl\u00f6nf\u00e9le szolg\u00e1ltat\u00e1sokat ny\u00fajthatnak. Fontosnak<br \/>\ntartjuk, hogy a szoftvereink minden szinten t\u00e1mogass\u00e1k a szoftvert haszn\u00e1l\u00f3 \u00fcgyfeleinket<br \/>\nabban, hogy k\u00e9pesek legyenek az adatkezel\u00e9sre \u00e9s adatv\u00e9delemre vonatkoz\u00f3<br \/>\nszab\u00e1lyoknak marad\u00e9ktalanul megfelelni. Ez r\u00e9szben a hozz\u00e1f\u00e9r\u00e9s szab\u00e1lyoz\u00e1s\u00e1t, az<br \/>\nadatbiztons\u00e1g technikai megval\u00f3s\u00edt\u00e1s\u00e1t \u00e9s a szab\u00e1lyos adatkezel\u00e9shez sz\u00fcks\u00e9ges<br \/>\nfunkci\u00f3ik biztos\u00edt\u00e1s\u00e1t jelentik.<br \/>\nA Qulto szoftverterm\u00e9kek el\u0151\u00e1ll\u00edt\u00e1sa \u00e9s forgalmaz\u00e1sa mellett n\u00f6vekv\u0151 m\u00e9rt\u00e9kben ny\u00fajtunk<br \/>\nfelh\u0151 alap\u00fa szolg\u00e1ltat\u00e1st az \u00fcgyfeleinek. Ez a konstrukci\u00f3 jelent\u0151s r\u00e9szben bizalomra \u00e9p\u00fcl,<br \/>\namikor a megb\u00edz\u00f3 az adatainak \u00e9s szolg\u00e1ltat\u00e1sainak kezel\u00e9s\u00e9t m\u00e1s \u00e1ltal \u00fczemeltetett<br \/>\nk\u00f6rnyezetre b\u00edzza. Az \u00fczleti sikeress\u00e9ghez kiemelten fontos, hogy az \u00e1ltalunk (vagy<br \/>\nalv\u00e1llalkoz\u00f3 partner\u00fcnk \u00e1ltal) biztos\u00edtott infrastrukt\u00fara, bele\u00e9rtve a hardver \u00e9s szoftver<br \/>\nelemeket, valamint a kapcsol\u00f3d\u00f3 szolg\u00e1ltat\u00e1sokat, megfeleljen az adatv\u00e9delem \u00e9s<br \/>\nadatbiztons\u00e1g minden k\u00f6vetelm\u00e9ny\u00e9nek.<br \/>\nA rendszert\u00e1mogat\u00e1si munk\u00e1nk sor\u00e1n gyakran kapcsolatba ker\u00fcl\u00fcnk \u00fcgyfeleink \u00e1ltal<br \/>\ngy\u0171jt\u00f6tt, t\u00e1rolt adatokkal, amelyek szem\u00e9lyes adatokat is tartalmazhatnak. T\u00e1mogat\u00e1si<br \/>\nmunk\u00e1nkat \u00fagy szab\u00e1lyozzuk, hogy kell\u0151 garanci\u00e1t tudjunk adni r\u00e9sz\u00fckre, hogy az adataik<br \/>\nv\u00e9delme a munk\u00e1nk sor\u00e1n nem s\u00e9r\u00fcl semmilyen m\u00f3don.<br \/>\nAdatv\u00e9delem \u00e9s adatkezel\u00e9s a Qulto term\u00e9kekn\u00e9l<br \/>\nA Qulto szoftverek els\u0151dleges c\u00e9lja a k\u00f6nyvt\u00e1ri, m\u00fazeumi, lev\u00e9lt\u00e1ri nyilv\u00e1ntart\u00e1sok,<br \/>\nrepozit\u00f3riumok \u00e9s tud\u00e1sb\u00e1zisok kezel\u00e9s\u00e9nek \u00e9s a kapcsol\u00f3d\u00f3 folyamatoknak \u00e9s<br \/>\nszolg\u00e1ltat\u00e1soknak a t\u00e1mogat\u00e1sa. A szoftvereinkkel m\u0171k\u00f6d\u0151 rendszerek jelent\u0151s<br \/>\nmennyis\u00e9gben t\u00e1rolnak fontos, bizalmas inform\u00e1ci\u00f3kat \u00e9s szem\u00e9lyes adatokat, ez\u00e9rt az<br \/>\nadatok v\u00e9delme \u00e9s az adatkezel\u00e9s szab\u00e1lyoz\u00e1sa is fontos szempont.<br \/>\nAdatv\u00e9delem biztos\u00edt\u00e1sa a szoftver haszn\u00e1lata sor\u00e1n<br \/>\nHozz\u00e1f\u00e9r\u00e9s-szab\u00e1lyoz\u00e1s \u2013 Az \u00e1ltalunk kialak\u00edtott rendszerekben az infrastrukt\u00fara \u00e9s az<br \/>\nalkalmaz\u00e1sok el\u00e9r\u00e9se is szerep alapon szab\u00e1lyozott. A felhaszn\u00e1l\u00f3i csoportok kialak\u00edt\u00e1sa<br \/>\n\u00fagy t\u00f6rt\u00e9nik meg, hogy mindenki csak ahhoz f\u00e9r hozz\u00e1, ami a munk\u00e1ja, feladata, szerepe<br \/>\nalapj\u00e1n indokolt \u00e9s sz\u00fcks\u00e9ges. Illet\u00e9ktelen szem\u00e9lyeknek az adatokhoz hozz\u00e1f\u00e9r\u00e9se kiz\u00e1rt.<br \/>\nHiteles\u00edt\u00e9s \u2013 Minden bel\u00e9p\u00e9s jelsz\u00f3hoz k\u00f6t\u00f6tt, a jelszavak titkos\u00edtott form\u00e1ban vannak<br \/>\nt\u00e1rolva, \u00e9s titkos\u00edtva k\u00f6zlekednek a h\u00e1l\u00f3zaton.<br \/>\nTechnol\u00f3gia \u2013 A technol\u00f3giai elemek (adatb\u00e1zis-kezel\u0151, webszerver, stb.) kiv\u00e1laszt\u00e1s\u00e1n\u00e1l<br \/>\nfigyelembe vessz\u00fck a biztons\u00e1gi szempontokat, ezzel v\u00e9dve \u00fcgyfeleink adatait.<br \/>\n\u00dcgyf\u00e9ladatok t\u00e1rol\u00e1sa \u2013 A Qulto term\u00e9kekben a szem\u00e9lyes adatok minden esetben<br \/>\nv\u00e9dettek, \u00e9s \u00e9rz\u00e9keny szem\u00e9lyes adatot, p\u00e9ld\u00e1ul bankadatokat \u00e9s hitelk\u00e1rty\u00e1kat nem<br \/>\nt\u00e1rolunk. A rendszereinkben biztos\u00edtjuk a felhaszn\u00e1l\u00f3i adatok t\u00f6rl\u00e9s\u00e9nek lehet\u0151s\u00e9g\u00e9t, az<br \/>\nint\u00e9zm\u00e9nyek adatv\u00e9delmi szab\u00e1lyzat\u00e1hoz igazod\u00f3an.<br \/>\nAdatkezel\u00e9si ir\u00e1nyelvek a Qulto term\u00e9kekben<br \/>\nAz al\u00e1bbi ir\u00e1nyelvek hat\u00e1rozz\u00e1k meg valamennyi Qulto szoftver eset\u00e9n, hogy mik\u00e9nt<br \/>\n\u00e9rv\u00e9nyes\u00fcl a k\u00fcl\u00f6nb\u00f6z\u0151 t\u00edpus\u00fa felhaszn\u00e1l\u00f3k szem\u00e9lyes adatainak v\u00e9delme. A<br \/>\n\u201efelhaszn\u00e1l\u00f3k\u201d k\u00f6r\u00e9be beletartoznak a rendszert haszn\u00e1l\u00f3 int\u00e9zm\u00e9nyi dolgoz\u00f3k,<br \/>\nalkalmazottak (int\u00e9zm\u00e9nyi felhaszn\u00e1l\u00f3k), az int\u00e9zm\u00e9nyekkel \u201eszerz\u0151d\u00e9ses kapcsolatban<br \/>\n\u00e1ll\u00f3\u201d olvas\u00f3k (olvas\u00f3k, kutat\u00f3k, stb.), valamint az online szolg\u00e1ltat\u00e1sokat szabadon<br \/>\nig\u00e9nybe vev\u0151 regisztr\u00e1lt \u00e9rdekl\u0151d\u0151k, haszn\u00e1l\u00f3k (internetes felhaszn\u00e1l\u00f3k).<br \/>\nA szab\u00e1lyoz\u00e1s tartalmazza a felhaszn\u00e1l\u00f3k szem\u00e9lyes adatainak v\u00e9delm\u00e9re, a felhaszn\u00e1l\u00f3k<br \/>\njogainak tiszteletben tart\u00e1s\u00e1ra vonatkoz\u00f3 el\u0151\u00edr\u00e1sokat \u00e9s az adatkezel\u00e9s \u00e9s adatt\u00e1rol\u00e1s<br \/>\neszk\u00f6zeit \u00e9s szab\u00e1lyait is.<br \/>\nSzem\u00e9lyes adatok minden olyan inform\u00e1ci\u00f3t jelentenek, amely felhaszn\u00e1lhat\u00f3 a<br \/>\nfelhaszn\u00e1l\u00f3 azonos\u00edt\u00e1s\u00e1hoz, bele\u00e9rtve, de nem kiz\u00e1r\u00f3lagosan, a felhaszn\u00e1l\u00f3 nev\u00e9t,<br \/>\nszem\u00e9lyes profilj\u00e1t, otthoni vagy egy\u00e9b fizikai c\u00edm\u00e9t, e-mail c\u00edm\u00e9t vagy egy\u00e9b kapcsolati<br \/>\nadatait. Szem\u00e9lyes adatnak sz\u00e1m\u00edt az olvas\u00f3k \u00e1ltal ig\u00e9nybe vett szolg\u00e1ltat\u00e1sok,<br \/>\nk\u00f6lcs\u00f6nz\u00e9sek, a b\u00edrs\u00e1gokra \u00e9s forgalmi adatokra vonatkoz\u00f3 inform\u00e1ci\u00f3k is. A Qulto<br \/>\nszoftverek az ilyen szem\u00e9lyes adatokat mindenkor bizalmasan kezelik az adatv\u00e9delmi<br \/>\nir\u00e1nyelv felt\u00e9teleinek megfelel\u0151en.<br \/>\nA szem\u00e9lyes adatok gy\u0171jt\u00e9se<br \/>\nInternetes felhaszn\u00e1l\u00f3k<br \/>\nA weboldalunkon \u00e9s az int\u00e9zm\u00e9nyi port\u00e1lokon \u00e1ltal\u00e1ban nem k\u00f6telez\u0151 a regisztr\u00e1ci\u00f3, nem<br \/>\nsz\u00fcks\u00e9ges, hogy a weboldal l\u00e1togat\u00f3i szem\u00e9lyes adatokat szolg\u00e1ltassanak annak<br \/>\n\u00e9rdek\u00e9ben, hogy hozz\u00e1f\u00e9rjenek a weboldalhoz. Minim\u00e1lisan sz\u00fcks\u00e9ges szem\u00e9lyes adatok<br \/>\nbek\u00e9r\u00e9s\u00e9re akkor ker\u00fcl sor, amikor az internetes felhaszn\u00e1l\u00f3 akt\u00edv kommunik\u00e1ci\u00f3t vagy<br \/>\nkapcsolatot kezdem\u00e9nyez, illetve felt\u00f6lt\u00e9st vagy beazonos\u00edthat\u00f3s\u00e1ghoz k\u00f6t\u00f6tt funkci\u00f3t<br \/>\nk\u00edv\u00e1n ig\u00e9nybe venni.<br \/>\nInt\u00e9zm\u00e9nyi felhaszn\u00e1l\u00f3k<br \/>\nAz int\u00e9zm\u00e9nyi felhaszn\u00e1l\u00f3k eset\u00e9ben csak az azonos\u00edt\u00e1shoz sz\u00fcks\u00e9ges adatokat (n\u00e9v,<br \/>\nfelhaszn\u00e1l\u00f3n\u00e9v \u00e9s titkos\u00edtott jelsz\u00f3) t\u00e1roljuk, \u00e9s nem t\u00e1rolunk tov\u00e1bbi szem\u00e9lyes adatot. Az<br \/>\nalkalmaz\u00e1sok be\u00e1ll\u00edt\u00e1st\u00f3l f\u00fcgg\u0151en napl\u00f3zz\u00e1k a felhaszn\u00e1l\u00f3k katalogiz\u00e1l\u00e1si, k\u00f6lcs\u00f6nz\u00e9si \u00e9s<br \/>\ngyarap\u00edt\u00e1si tev\u00e9kenys\u00e9g\u00e9t. Az adatok csak olyan c\u00e9lt szolg\u00e1lnak, hogy visszakereshet\u0151<br \/>\nlegyen, hogy egy adatot, rekordot ki \u00e9s mikor m\u00f3dos\u00edtott utolj\u00e1ra. A rendszereinkben<br \/>\nalkalmazott napl\u00f3z\u00e1s nem alkalmas a munkat\u00e1rsak \u201cmegfigyel\u00e9s\u00e9re\u201d, a tev\u00e9kenys\u00e9gek<br \/>\nk\u00f6vet\u00e9s\u00e9re, napi teljes\u00edtm\u00e9ny kimutat\u00e1s\u00e1ra.<br \/>\nOlvas\u00f3k<br \/>\nA k\u00f6zgy\u0171jtem\u00e9nyek \u00fcgyfelei beiratkozott olvas\u00f3k\u00e9nt vagy lev\u00e9lt\u00e1ri, m\u00fazeumi kutat\u00f3k\u00e9nt<br \/>\nl\u00e9nyeg\u00e9ben szerz\u0151d\u00e9ses viszonyban \u00e1llnak az int\u00e9zm\u00e9nnyel: az int\u00e9zm\u00e9ny t\u00e9r\u00edt\u00e9s<br \/>\nellen\u00e9ben vagy an\u00e9lk\u00fcl, k\u00fcl\u00f6nb\u00f6z\u0151 form\u00e1ban, meghat\u00e1rozott felt\u00e9telekkel \u00edrott vagy<br \/>\ndigit\u00e1lis tartalmakat, t\u00e1rgyakat, eszk\u00f6z\u00f6ket, helyet biztos\u00edt az \u00fcgyf\u00e9l sz\u00e1m\u00e1ra. Az olvas\u00f3 a<br \/>\nfelt\u00e9teleknek megfelel\u0151 haszn\u00e1lat\u00e9rt felel\u0151ss\u00e9ggel tartozik. A szolg\u00e1ltat\u00e1shoz kapcsol\u00f3d\u00f3<br \/>\np\u00e9nz\u00fcgyi tranzakci\u00f3k \u00e9s a felel\u0151ss\u00e9ghez kapcsol\u00f3d\u00f3 esetleges vit\u00e1s helyzetek, k\u00e1rt\u00e9r\u00edt\u00e9si<br \/>\n\u00fcgyek int\u00e9z\u00e9se miatt sz\u00fcks\u00e9g van a rendszerben az olvas\u00f3k pontos beazonos\u00edt\u00e1s\u00e1hoz \u00e9s<br \/>\na kapcsolattart\u00e1shoz sz\u00fcks\u00e9ges adatok nyilv\u00e1ntart\u00e1s\u00e1ra.<br \/>\nA szoftverek a k\u00f6vetkez\u0151 adatok nyilv\u00e1ntart\u00e1s\u00e1t teszik lehet\u0151v\u00e9: n\u00e9v, sz\u00fclet\u00e9si hely \u00e9s id\u0151,<br \/>\nanyja sz\u00fclet\u00e9si neve, igazolv\u00e1nysz\u00e1m, ideiglenes \u00e9s \u00e1lland\u00f3 c\u00edm, e-mail c\u00edm. Fels\u0151oktat\u00e1si<br \/>\nint\u00e9zm\u00e9nyben az azonos\u00edt\u00e1s a hallgat\u00f3i k\u00f3ddal is helyettes\u00edthet\u0151 az int\u00e9zm\u00e9ny<br \/>\nsz\u00e1nd\u00e9kainak megfelel\u0151en.<br \/>\nStatisztikai c\u00e9lb\u00f3l az int\u00e9zm\u00e9nyeknek lehet\u0151s\u00e9ge van egy\u00e9b adat r\u00f6gz\u00edt\u00e9s\u00e9re is a<br \/>\nrendszerben. Ezen adatoknak a tartalm\u00e1t \u00e9s k\u00f6r\u00e9t a Qulto szoftverek nem r\u00f6gz\u00edtik, ezt az<br \/>\nint\u00e9zm\u00e9nyek saj\u00e1t felel\u0151ss\u00e9g\u00fckre, saj\u00e1t szab\u00e1lyzatuknak megfelel\u0151en hat\u00e1rozhatj\u00e1k meg.<br \/>\nA szoftvereink az olvas\u00f3k tranzakci\u00f3it r\u00f6gz\u00edtik \u00e9s az \u00fcgyf\u00e9l \u00e1ltal meghat\u00e1rozott ideig<br \/>\nt\u00e1rolj\u00e1k a rendszerben.<br \/>\nA szem\u00e9lyes inform\u00e1ci\u00f3k felhaszn\u00e1l\u00e1s\u00e1nak m\u00f3dja<br \/>\nSzem\u00e9lyes adatokat csak addig t\u00e1rolunk a k\u00f6telez\u0151 m\u00f3don a rendszerben, ameddig<br \/>\n\u25cf sz\u00fcks\u00e9ges a term\u00e9kek \u00e9s szolg\u00e1ltat\u00e1sok biztos\u00edt\u00e1s\u00e1hoz,<br \/>\n\u25cf folyamatban l\u00e9v\u0151 \u00fcgyben \u00e9rintett,<br \/>\n\u25cf a felhaszn\u00e1l\u00f3 sz\u00e1m\u00e1ra hasznosak,<br \/>\n\u25cf az int\u00e9zm\u00e9ny statisztikai adatszolg\u00e1ltat\u00e1s\u00e1hoz sz\u00fcks\u00e9ges,<br \/>\n\u25cf t\u00f6rv\u00e9nyi el\u0151\u00edr\u00e1s tartalmazza (pl. sz\u00e1ml\u00e1k).<br \/>\nAz adatok gy\u0171jt\u00e9s\u00e9re, t\u00e1rol\u00e1s\u00e1ra vonatkoz\u00f3 k\u00f6vetelm\u00e9nyeket az \u00fcgyfelek hat\u00e1rozz\u00e1k meg<br \/>\nsz\u00e1munkra. A mi felel\u0151ss\u00e9g\u00fcnk, hogy ezen k\u00f6vetelm\u00e9nyeken t\u00fal nem gy\u0171jt\u00fcnk, t\u00e1rolunk,<br \/>\nszolg\u00e1ltatunk \u00e9s saj\u00e1t c\u00e9lra nem haszn\u00e1lunk fel szem\u00e9lyes adatot tartalmaz\u00f3 inform\u00e1ci\u00f3t.<br \/>\nA szoftvereink szem\u00e9lyes adatokat nem haszn\u00e1lnak fel egy\u00e9b c\u00e9lra, nem osztj\u00e1k meg m\u00e1s<br \/>\nrendszerekkel, \u00e9s nem tov\u00e1bb\u00edtj\u00e1k illetve nem adj\u00e1k \u00e1t harmadik f\u00e9lnek, kiv\u00e9ve n\u00e9h\u00e1ny j\u00f3l<br \/>\nmeghat\u00e1rozott esetet.<br \/>\nEzek a k\u00f6vetkez\u0151k:<br \/>\n\u25cf k\u00e1rrendez\u00e9si \u00fcgyekben k\u00f6zrem\u0171k\u00f6d\u0151 szervezetek sz\u00e1m\u00e1ra vit\u00e1s \u00fcgyek eset\u00e9n<br \/>\n(fizet\u00e9si meghagy\u00e1s),<br \/>\n\u25cf fenntart\u00f3 int\u00e9zm\u00e9ny sz\u00e1m\u00e1ra iskolai, fels\u0151oktat\u00e1si vagy munkahelyi int\u00e9zm\u00e9ny<br \/>\neset\u00e9n k\u00e9r\u00e9sre t\u00e1j\u00e9koztat\u00e1st adunk lez\u00e1ratlan k\u00f6lcs\u00f6nz\u00e9sr\u0151l \u00e9s p\u00e9nztartoz\u00e1sr\u00f3l az<br \/>\nint\u00e9zm\u00e9ny tanul\u00f3i, hallgat\u00f3i, dolgoz\u00f3i eset\u00e9ben.<br \/>\nA szem\u00e9lyes adatokkal kapcsolatos felhaszn\u00e1l\u00f3i jogok<br \/>\nA felhaszn\u00e1l\u00f3knak joguk van arra, hogy hozz\u00e1f\u00e9rjenek, megtekinthess\u00e9k, a kijav\u00edt\u00e1s\u00e1t<br \/>\nvagy t\u00f6rl\u00e9s\u00e9t k\u00e9rj\u00e9k azoknak a szem\u00e9lyes adataiknak, amelyeket a rendszer t\u00e1rol r\u00f3luk. Az<br \/>\nalkalmaz\u00e1sok online fel\u00fclet\u00e9n lehet\u0151s\u00e9get biztos\u00edtunk minden felhaszn\u00e1l\u00f3nak, hogy a r\u00f3la<br \/>\nt\u00e1rolt adatokkal kapcsolatos \u00e9szrev\u00e9tel\u00e9t online m\u00f3don elk\u00fcldhesse. Minden m\u00f3dos\u00edt\u00e1sra,<br \/>\nt\u00f6rl\u00e9sre ir\u00e1nyul\u00f3 k\u00e9relmet automatikusan tov\u00e1bb\u00edt a szoftver az int\u00e9zm\u00e9ny adatv\u00e9delmi<br \/>\nfelel\u0151s\u00e9nek az el\u0151zetes be\u00e1ll\u00edt\u00e1snak megfelel\u0151en, aki a k\u00e9r\u00e9st elb\u00edr\u00e1lja.<br \/>\nAdatok meg\u0151rz\u00e9se, t\u00f6rl\u00e9se<br \/>\nA szem\u00e9lyes adatok \u00e9letciklus\u00e1ban h\u00e1rom szakaszt k\u00fcl\u00f6n\u00edt\u00fcnk el a rendszereinkben:<br \/>\n\u25cf Akt\u00edv szakasz \u2013 Az akt\u00edv szakaszban \u201e\u00fczleti\u201d kapcsolat \u00e1ll fenn vagy tranzakci\u00f3 van<br \/>\nfolyamatban az int\u00e9zm\u00e9ny \u00e9s a felhaszn\u00e1l\u00f3 (int\u00e9zm\u00e9nyi felhaszn\u00e1l\u00f3, olvas\u00f3,<br \/>\ninternetes felhaszn\u00e1l\u00f3) k\u00f6z\u00f6tt. Ez\u00e9rt ebben a szakaszban a pontos<br \/>\nbeazonos\u00edt\u00e1shoz, kapcsolattart\u00e1shoz, \u00e1raz\u00e1shoz, sz\u00fcks\u00e9ges adatok, \u00e9s a nem<br \/>\nv\u00e9glegesen lez\u00e1rt tranzakci\u00f3khoz kapcsol\u00f3d\u00f3 adatok meg\u0151rz\u00e9se fontos.<br \/>\n\u25cf Statisztikai szakasz \u2013 Az akt\u00edv szakasz ut\u00e1n, m\u00e9g sz\u00fcks\u00e9ge lehet az int\u00e9zm\u00e9nynek,<br \/>\nhogy statisztikai jelent\u00e9si k\u00f6telezetts\u00e9geinek teljes\u00edt\u00e9s\u00e9hez rendelkez\u00e9sre \u00e1lljanak<br \/>\nadatok, amelyekn\u00e9l a felhaszn\u00e1l\u00f3 pontos kil\u00e9te, beazonos\u00edthat\u00f3s\u00e1ga nem<br \/>\nsz\u00fcks\u00e9ges, s\u0151t nem k\u00edv\u00e1natos, de az esem\u00e9ny statisztikailag l\u00e9nyeges. A Qulto<br \/>\nrendszerek ezt a lehet\u0151s\u00e9get egy anonimiz\u00e1l\u00e1si funkci\u00f3val teszik lehet\u0151v\u00e9, amivel a<br \/>\nszem\u00e9ly beazonos\u00edt\u00e1sa lehetetlenn\u00e9 v\u00e1lik.<br \/>\n\u25cf Arch\u00edv szakasz \u2013 A statisztikailag fontos id\u0151szak ut\u00e1ni adatok fizikai t\u00f6rl\u00e9s\u00e9t illetve a<br \/>\nvissza\u00e1ll\u00edt\u00e1st megakad\u00e1lyoz\u00f3 archiv\u00e1l\u00e1s\u00e1t a rendszereink k\u00fcl\u00f6nb\u00f6z\u0151 m\u00f3don<br \/>\narchiv\u00e1l\u00e1si \u00e9s t\u00f6rl\u00e9si funkci\u00f3kkal t\u00e1mogatj\u00e1k.<br \/>\nAdatv\u00e9delem \u00e9s adatbiztons\u00e1g felh\u0151szolg\u00e1ltat\u00e1sn\u00e1l<br \/>\nC\u00e9lunk, hogy \u00fcgyfeleink sz\u00e1m\u00e1ra olyan biztons\u00e1gos \u00e9s megb\u00edzhat\u00f3 k\u00f6rnyezetet<br \/>\nbiztos\u00edtsunk, ami megfelel az adatbiztons\u00e1g, a hozz\u00e1f\u00e9r\u00e9s \u00e9s az adatv\u00e9delem<br \/>\nel\u0151\u00edr\u00e1sainak. A felh\u0151szolg\u00e1ltat\u00e1st megfelel\u0151, az adatbiztons\u00e1g \u00e9s adatv\u00e9delem<br \/>\nszempontjainak megfelel\u0151 infrastrukt\u00far\u00e1t \u00e9s szolg\u00e1ltat\u00e1st ny\u00fajt\u00f3, a rendszert \u00e9s a<br \/>\ntev\u00e9kenys\u00e9geket r\u00e9szletesen dokument\u00e1l\u00f3, megfelel\u0151 min\u0151s\u00e9gbiztos\u00edt\u00e1ssal \u00e9s<br \/>\ntan\u00fas\u00edtv\u00e1nyokkal rendelkez\u0151 alv\u00e1llalkoz\u00f3 bevon\u00e1s\u00e1val v\u00e9gezz\u00fck.<br \/>\nAdatbiztons\u00e1g<br \/>\nAz adatbiztons\u00e1got szolg\u00e1lj\u00e1k az \u00fczemeltet\u00e9s al\u00e1bbi tev\u00e9kenys\u00e9gei:<br \/>\n\u25cf 7&#215;24 \u00f3r\u00e1s monitoroz\u00e1s \u00e9s fel\u00fcgyelet, aminek c\u00e9lja a gyan\u00fas tev\u00e9kenys\u00e9gek,<br \/>\nszokatlan jelens\u00e9gek valamint a potenci\u00e1lis vesz\u00e9lyek felder\u00edt\u00e9se \u00e9s elemz\u00e9se.<br \/>\n\u25cf Az OS \u00e9s egy\u00e9b, harmadik f\u00e9lt\u0151l sz\u00e1rmaz\u00f3 szoftverek sz\u00e1ll\u00edt\u00f3in\u00e1l a biztons\u00e1ggal<br \/>\nkapcsolatos inform\u00e1ci\u00f3k figyel\u00e9se \u00e9s a biztons\u00e1gi friss\u00edt\u00e9sek telep\u00edt\u00e9se.<br \/>\n\u25cf Napi ment\u00e9sek k\u00e9sz\u00edt\u00e9se, a ment\u00e9sek ellen\u0151rz\u00e9se \u00e9s meg\u0151rz\u00e9se a meg\u0151rz\u00e9si<br \/>\npolitik\u00e1nak megfelel\u0151en.<br \/>\n\u25cf H\u00e1l\u00f3zati kapcsolatok \u00e9s felhaszn\u00e1l\u00f3i hozz\u00e1f\u00e9r\u00e9sek szab\u00e1lyoz\u00e1sa.<br \/>\nFizikai k\u00f6rnyezet kialak\u00edt\u00e1sa<br \/>\nA szolg\u00e1ltat\u00e1si k\u00f6rnyezet kialak\u00edt\u00e1s\u00e1nak szempontjai az adatveszt\u00e9sek elker\u00fcl\u00e9se<br \/>\n\u00e9rdek\u00e9ben:<br \/>\nA szerverek t\u00e1rol\u00e1sa megfelel\u0151, erre a c\u00e9lra kialak\u00edtott helys\u00e9gben t\u00f6rt\u00e9nik,<br \/>\n\u25cf ahol rendelkez\u00e9sre \u00e1ll a sz\u00fcks\u00e9ges kapacit\u00e1s\u00fa \u00e9s sz\u00fcnetmentes \u00e1ramforr\u00e1ssal<br \/>\nbiztos\u00edtott t\u00e1pell\u00e1t\u00e1s,<br \/>\n\u25cf ahol megfelel\u0151 l\u00e9gkondicion\u00e1l\u00f3 biztos\u00edtja az el\u0151\u00edrt \u00fczemi h\u0151m\u00e9rs\u00e9kletet,<br \/>\n\u25cf ami megfelel\u0151 t\u0171zv\u00e9delmi rendszerrel van ell\u00e1tva.<br \/>\nFizikai hozz\u00e1f\u00e9r\u00e9s ellen\u0151rz\u00e9s<br \/>\nA bejut\u00e1s a szerverszob\u00e1ba azokra az \u00fczemeltet\u00e9st v\u00e9gz\u0151 szem\u00e9lyekre van korl\u00e1tozva,<br \/>\nakiknek sz\u00fcks\u00e9g\u00fck van a hardver el\u00e9r\u00e9s\u00e9re. Minden fizikai hozz\u00e1f\u00e9r\u00e9st tev\u00e9kenys\u00e9get<br \/>\nnapl\u00f3zunk.<br \/>\nInform\u00e1ci\u00f3biztons\u00e1gi el\u0151\u00edr\u00e1sok<br \/>\nOper\u00e1ci\u00f3s rendszer<br \/>\nAz oper\u00e1ci\u00f3s rendszerben csak a sz\u00fcks\u00e9ges komponensek vannak telep\u00edtve \u00e9s minden<br \/>\nhozz\u00e1f\u00e9r\u00e9s szab\u00e1lyozva van.<br \/>\nH\u00e1l\u00f3zati biztons\u00e1g<br \/>\nT\u0171zfalak: A szerverek vannak v\u00e9dve, hogy megv\u00e9dj\u00e9k \u0151ket a t\u00e1mad\u00e1st\u00f3l \u00e9s<br \/>\nmegakad\u00e1lyozz\u00e1k az \u00fcgyf\u00e9ladatok elveszt\u00e9s\u00e9t.<br \/>\nAdatok t\u00f6rl\u00e9se<br \/>\nAmennyiben egy \u00fcgyf\u00e9l \u00fagy d\u00f6nt, hogy nem veszi ig\u00e9nybe a tov\u00e1bbiakban a<br \/>\nszolg\u00e1ltat\u00e1sainkat, az \u00fcgyf\u00e9l adatait adathordoz\u00f3ra mentve \u00e1tadjuk az \u00fcgyf\u00e9lnek, majd az<br \/>\negyeztetett biztons\u00e1gi id\u0151 letelt\u00e9vel valamennyi adathordoz\u00f3nkr\u00f3l vissza\u00e1ll\u00edthatatlanul<br \/>\nt\u00f6r\u00f6lj\u00fck.<br \/>\nAdatv\u00e9delem \u00e9s adatkezel\u00e9s a rendszert\u00e1mogat\u00e1si<br \/>\nszolg\u00e1ltat\u00e1sn\u00e1l<br \/>\nA szoftvert\u00e1mogat\u00e1si szolg\u00e1ltat\u00e1sunk keret\u00e9ben rendszert\u00e1mogat\u00e1si szolg\u00e1ltat\u00e1sokat \u00e9s<br \/>\nonline hibabejelent\u0151 rendszert is biztos\u00edtunk \u00fcgyfeleinknek.<br \/>\nAdatv\u00e9delem rendszert\u00e1mogat\u00e1s sor\u00e1n<br \/>\nA t\u00e1mogat\u00e1si munka sokf\u00e9le feladatot jelent: hibakeres\u00e9s \u00e9s elh\u00e1r\u00edt\u00e1s, be\u00e1ll\u00edt\u00e1sok<br \/>\nm\u00f3dos\u00edt\u00e1sa, testreszab\u00e1s, konverzi\u00f3, stb. A munka ell\u00e1t\u00e1s\u00e1hoz legt\u00f6bbsz\u00f6r sz\u00fcks\u00e9g van a<br \/>\nhozz\u00e1f\u00e9r\u00e9shez az adatb\u00e1zishoz, \u00edgy szem\u00e9lyes adatokhoz is.<br \/>\nA tudom\u00e1sunkra jut\u00f3 adatokat<br \/>\n\u25cf nem haszn\u00e1ljuk fel saj\u00e1t c\u00e9lra<br \/>\n\u25cf nem adjuk \u00e1t harmadik f\u00e9lnek<br \/>\n\u25cf a haszn\u00e1lat idej\u00e9n olyan m\u00f3don kezelj\u00fck ami megakad\u00e1lyozza az illet\u00e9ktelen<br \/>\nhozz\u00e1f\u00e9r\u00e9st<br \/>\n\u25cf nem t\u00e1roljuk.<br \/>\nMinden munkat\u00e1rsunk \u00e9s alv\u00e1llalkoz\u00f3nk titoktart\u00e1si k\u00f6telezetts\u00e9ggel rendelkezik, \u00edgy a<br \/>\nfelhaszn\u00e1l\u00e1si korl\u00e1toz\u00e1s r\u00e1juk is \u00e9rv\u00e9nyes.<br \/>\nAdatkezel\u00e9s a PEAS rendszerben<br \/>\nA hibabejelent\u00e9sek nyilv\u00e1ntart\u00e1s\u00e1ra a PEAS \u00fcgyviteli szoftvert haszn\u00e1ljuk. A szoftverben<br \/>\nvezetj\u00fck az \u00fcgyfelek, \u00fczleti partner int\u00e9zm\u00e9nyek \u00e9s a kapcsolattart\u00f3 szem\u00e9lyek<br \/>\nlegfontosabb &#8211; a kapcsolattart\u00e1shoz sz\u00fcks\u00e9ges &#8211; adatait. Szem\u00e9lyekn\u00e9l: n\u00e9v, telefon, c\u00edm,<br \/>\ne-mail, beoszt\u00e1s, c\u00e9gek eset\u00e9ben ez kieg\u00e9sz\u00fcl a sz\u00e1ml\u00e1z\u00e1shoz sz\u00fcks\u00e9ges adatokkal. Az<br \/>\n\u00fcgyfelek a webes fel\u00fcleten megtekinthetik a r\u00f3luk nyilv\u00e1ntartott adatokat \u00e9s<br \/>\nkezdem\u00e9nyezhetik azok m\u00f3dos\u00edt\u00e1s\u00e1t t\u00f6rl\u00e9s\u00e9t.<\/p>\n","protected":false},"excerpt":{"rendered":"<p>Adatv\u00e9delmi nyilatkozat v1.0 2018. m\u00e1jus 17. A dokumentum c\u00e9lja A Monguz Inform\u00e1ci\u00f3technol\u00f3giai [&hellip;]<\/p>\n","protected":false},"author":3,"featured_media":0,"parent":0,"menu_order":0,"comment_status":"closed","ping_status":"closed","template":"","meta":[],"acf":[],"_links":{"self":[{"href":"https:\/\/qulto.eu\/hu\/wp-json\/wp\/v2\/pages\/9776"}],"collection":[{"href":"https:\/\/qulto.eu\/hu\/wp-json\/wp\/v2\/pages"}],"about":[{"href":"https:\/\/qulto.eu\/hu\/wp-json\/wp\/v2\/types\/page"}],"author":[{"embeddable":true,"href":"https:\/\/qulto.eu\/hu\/wp-json\/wp\/v2\/users\/3"}],"replies":[{"embeddable":true,"href":"https:\/\/qulto.eu\/hu\/wp-json\/wp\/v2\/comments?post=9776"}],"version-history":[{"count":2,"href":"https:\/\/qulto.eu\/hu\/wp-json\/wp\/v2\/pages\/9776\/revisions"}],"predecessor-version":[{"id":11431,"href":"https:\/\/qulto.eu\/hu\/wp-json\/wp\/v2\/pages\/9776\/revisions\/11431"}],"wp:attachment":[{"href":"https:\/\/qulto.eu\/hu\/wp-json\/wp\/v2\/media?parent=9776"}],"curies":[{"name":"wp","href":"https:\/\/api.w.org\/{rel}","templated":true}]}}